{"id":540,"date":"2026-04-03T18:12:53","date_gmt":"2026-04-03T16:12:53","guid":{"rendered":"https:\/\/www.bettinacoiffure.fr\/?post_type=product&#038;p=540"},"modified":"2026-04-04T19:07:39","modified_gmt":"2026-04-04T17:07:39","slug":"whipped-cream-pour-cheveux-colores-flower-fragrance","status":"publish","type":"product","link":"https:\/\/www.bettinacoiffure.fr\/index.php\/produit\/whipped-cream-pour-cheveux-colores-flower-fragrance\/","title":{"rendered":"Whipped Cream pour cheveux color\u00e9s flower fragrance"},"content":{"rendered":"<p>Formule hydratante et protectrice profonde sans rin\u00e7age, compos\u00e9e de prot\u00e9ines d\u00e9riv\u00e9es du lait qui conditionnent et restructurent les cheveux, en leur donnant douceur et facilitant le coiffage sans les alourdir.<br \/>L&rsquo;integrity 41 exclusif am\u00e9liore la stabilit\u00e9 de la couleur.<br \/>Utilisation : Bien agiter et appliquer sur les cheveux lav\u00e9s et essor\u00e9s. finir avec le coiffage.<\/p>\n","protected":false},"excerpt":{"rendered":"<p>Mousse soin et protection sans rin\u00e7age apr\u00e8s shampooing aux proteines de lait qui renforcent et nourrissent la fibre capillaire. Pour cheveux color\u00e9. Fragrance flower<\/p>\n","protected":false},"featured_media":561,"comment_status":"open","ping_status":"closed","template":"","meta":{"_et_pb_use_builder":"","_et_pb_old_content":"","_et_gb_content_width":""},"product_brand":[],"product_cat":[21],"product_tag":[],"class_list":{"0":"post-540","1":"product","2":"type-product","3":"status-publish","4":"has-post-thumbnail","6":"product_cat-soin","8":"first","9":"instock","10":"taxable","11":"shipping-taxable","12":"purchasable","13":"product-type-simple"},"_links":{"self":[{"href":"https:\/\/www.bettinacoiffure.fr\/index.php\/wp-json\/wp\/v2\/product\/540","targetHints":{"allow":["GET"]}}],"collection":[{"href":"https:\/\/www.bettinacoiffure.fr\/index.php\/wp-json\/wp\/v2\/product"}],"about":[{"href":"https:\/\/www.bettinacoiffure.fr\/index.php\/wp-json\/wp\/v2\/types\/product"}],"replies":[{"embeddable":true,"href":"https:\/\/www.bettinacoiffure.fr\/index.php\/wp-json\/wp\/v2\/comments?post=540"}],"wp:featuredmedia":[{"embeddable":true,"href":"https:\/\/www.bettinacoiffure.fr\/index.php\/wp-json\/wp\/v2\/media\/561"}],"wp:attachment":[{"href":"https:\/\/www.bettinacoiffure.fr\/index.php\/wp-json\/wp\/v2\/media?parent=540"}],"wp:term":[{"taxonomy":"product_brand","embeddable":true,"href":"https:\/\/www.bettinacoiffure.fr\/index.php\/wp-json\/wp\/v2\/product_brand?post=540"},{"taxonomy":"product_cat","embeddable":true,"href":"https:\/\/www.bettinacoiffure.fr\/index.php\/wp-json\/wp\/v2\/product_cat?post=540"},{"taxonomy":"product_tag","embeddable":true,"href":"https:\/\/www.bettinacoiffure.fr\/index.php\/wp-json\/wp\/v2\/product_tag?post=540"}],"curies":[{"name":"wp","href":"https:\/\/api.w.org\/{rel}","templated":true}]}}