{"id":278,"date":"2023-09-20T12:31:57","date_gmt":"2023-09-20T10:31:57","guid":{"rendered":"http:\/\/www.bettinacoiffure.fr\/?page_id=278"},"modified":"2023-09-20T12:31:57","modified_gmt":"2023-09-20T10:31:57","slug":"mentions-legales","status":"publish","type":"page","link":"https:\/\/www.bettinacoiffure.fr\/index.php\/mentions-legales\/","title":{"rendered":"Mentions L\u00e9gales"},"content":{"rendered":"<p>[et_pb_section fb_built=\u00a0\u00bb1&Prime; theme_builder_area=\u00a0\u00bbpost_content\u00a0\u00bb _builder_version=\u00a0\u00bb4.22.1&Prime; _module_preset=\u00a0\u00bbdefault\u00a0\u00bb][et_pb_row _builder_version=\u00a0\u00bb4.22.1&Prime; _module_preset=\u00a0\u00bbdefault\u00a0\u00bb theme_builder_area=\u00a0\u00bbpost_content\u00a0\u00bb][et_pb_column _builder_version=\u00a0\u00bb4.22.1&Prime; _module_preset=\u00a0\u00bbdefault\u00a0\u00bb type=\u00a0\u00bb4_4&Prime; theme_builder_area=\u00a0\u00bbpost_content\u00a0\u00bb][et_pb_text _builder_version=\u00a0\u00bb4.22.1&Prime; _module_preset=\u00a0\u00bbdefault\u00a0\u00bb theme_builder_area=\u00a0\u00bbpost_content\u00a0\u00bb hover_enabled=\u00a0\u00bb0&Prime; sticky_enabled=\u00a0\u00bb0&Prime;]<\/p>\n<h1><b>MENTIONS L\u00c9GALES<\/b><\/h1>\n<h2><b>\u00c9diteur du site :<\/b><\/h2>\n<p>Bettina Aimar<\/p>\n<p>Siret : 39211751100023<\/p>\n<p>12 rue de la Corderie<\/p>\n<p>17350 Port d&rsquo;Envaux<\/p>\n<h2><b>Responsable de la publication :<\/b><\/h2>\n<p>Bettina Aimar<\/p>\n<h2><b>H\u00e9bergeur du site :<\/b><\/h2>\n<p>OVH SAS<br \/>2 rue Kellermann \u2013 BP 80157 59053 ROUBAIX CEDEX 1<\/p>\n<h2><b>Propri\u00e9t\u00e9 intellectuelle :<\/b><\/h2>\n<p>Ce site internet et l&rsquo;ensemble de son contenu (textes, images, vid\u00e9os, etc.) sont prot\u00e9g\u00e9s par les lois fran\u00e7aises et internationales sur la propri\u00e9t\u00e9 intellectuelle. Toute reproduction, diffusion, ou utilisation sans autorisation pr\u00e9alable est strictement interdite.<\/p>\n<h2><b>Protection des donn\u00e9es personnelles :<\/b><\/h2>\n<p>Conform\u00e9ment \u00e0 la loi n\u00b0 78-17 du 6 janvier 1978 relative \u00e0 l&rsquo;informatique, aux fichiers et aux libert\u00e9s, vous disposez d&rsquo;un droit d&rsquo;acc\u00e8s, de rectification et de suppression des donn\u00e9es personnelles vous concernant. Pour exercer ce droit, veuillez contacter l&rsquo;entreprise \u00e0 l&rsquo;adresse [adresse e-mail de l&rsquo;entreprise] ou par courrier \u00e0 [adresse postale de l&rsquo;entreprise].<\/p>\n<h2><b>Cookies :<\/b><\/h2>\n<p>Ce site peut utiliser des cookies pour am\u00e9liorer l&rsquo;exp\u00e9rience de l&rsquo;utilisateur. En utilisant ce site, vous consentez \u00e0 l&rsquo;utilisation de cookies conform\u00e9ment \u00e0 notre politique en mati\u00e8re de cookies. Pour en savoir plus, veuillez consulter notre politique en mati\u00e8re de cookies.<\/p>\n<h2><b>Liens externes :<\/b><\/h2>\n<p>Ce site peut contenir des liens vers des sites web externes. L&rsquo;entreprise n&rsquo;est pas responsable du contenu ou de la politique de confidentialit\u00e9 de ces sites.<\/p>\n<p>&nbsp;<\/p>\n<p>[\/et_pb_text][\/et_pb_column][\/et_pb_row][\/et_pb_section]<\/p>\n","protected":false},"excerpt":{"rendered":"<p>MENTIONS L\u00c9GALES \u00c9diteur du site : Bettina Aimar Siret : 39211751100023 12 rue de la Corderie 17350 Port d&rsquo;Envaux Responsable de la publication : Bettina Aimar H\u00e9bergeur du site : OVH SAS2 rue Kellermann \u2013 BP 80157 59053 ROUBAIX CEDEX 1 Propri\u00e9t\u00e9 intellectuelle : Ce site internet et l&rsquo;ensemble de son contenu (textes, images, vid\u00e9os, [&hellip;]<\/p>\n","protected":false},"author":1,"featured_media":0,"parent":0,"menu_order":0,"comment_status":"closed","ping_status":"closed","template":"","meta":{"_et_pb_use_builder":"on","_et_pb_old_content":"","_et_gb_content_width":"","footnotes":""},"class_list":["post-278","page","type-page","status-publish","hentry"],"_links":{"self":[{"href":"https:\/\/www.bettinacoiffure.fr\/index.php\/wp-json\/wp\/v2\/pages\/278","targetHints":{"allow":["GET"]}}],"collection":[{"href":"https:\/\/www.bettinacoiffure.fr\/index.php\/wp-json\/wp\/v2\/pages"}],"about":[{"href":"https:\/\/www.bettinacoiffure.fr\/index.php\/wp-json\/wp\/v2\/types\/page"}],"author":[{"embeddable":true,"href":"https:\/\/www.bettinacoiffure.fr\/index.php\/wp-json\/wp\/v2\/users\/1"}],"replies":[{"embeddable":true,"href":"https:\/\/www.bettinacoiffure.fr\/index.php\/wp-json\/wp\/v2\/comments?post=278"}],"version-history":[{"count":2,"href":"https:\/\/www.bettinacoiffure.fr\/index.php\/wp-json\/wp\/v2\/pages\/278\/revisions"}],"predecessor-version":[{"id":281,"href":"https:\/\/www.bettinacoiffure.fr\/index.php\/wp-json\/wp\/v2\/pages\/278\/revisions\/281"}],"wp:attachment":[{"href":"https:\/\/www.bettinacoiffure.fr\/index.php\/wp-json\/wp\/v2\/media?parent=278"}],"curies":[{"name":"wp","href":"https:\/\/api.w.org\/{rel}","templated":true}]}}