{"id":270,"date":"2026-03-27T13:44:52","date_gmt":"2026-03-27T12:44:52","guid":{"rendered":"http:\/\/www.bettinacoiffure.fr\/?page_id=270"},"modified":"2026-03-27T13:49:21","modified_gmt":"2026-03-27T12:49:21","slug":"remboursements_retours","status":"publish","type":"page","link":"https:\/\/www.bettinacoiffure.fr\/index.php\/remboursements_retours\/","title":{"rendered":"Politique en mati\u00e8re de remboursements et de retours"},"content":{"rendered":"[et_pb_section admin_label=\u00a0\u00bbsection\u00a0\u00bb]\n\t\t\t[et_pb_row admin_label=\u00a0\u00bbrow\u00a0\u00bb]\n\t\t\t\t[et_pb_column type=\u00a0\u00bb4_4&Prime;][et_pb_text admin_label=\u00a0\u00bbText\u00a0\u00bb]\n<h2 class=\"wp-block-heading\"><strong>Conditions de retour et de remboursement<\/strong><\/h2>\n\n\n\n<h3 class=\"wp-block-heading\"><strong>Droit de r\u00e9tractation<\/strong><\/h3>\n\n\n\n<p><strong>Conform\u00e9ment \u00e0 la l\u00e9gislation en vigueur, vous disposez d\u2019un d\u00e9lai de 14 jours \u00e0 compter de la r\u00e9ception de votre commande pour exercer votre droit de r\u00e9tractation, sans avoir \u00e0 justifier de motif.<\/strong><\/p>\n\n\n\n<h3 class=\"wp-block-heading\"><strong>Modalit\u00e9s de retour<\/strong><\/h3>\n\n\n\n<p><strong>Apr\u00e8s avoir effectu\u00e9 votre demande de r\u00e9tractation, vous disposez d\u2019un d\u00e9lai de 14 jours pour retourner les produits.<\/strong><\/p>\n\n\n\n<p><strong>Les articles doivent \u00eatre retourn\u00e9s :<\/strong><\/p>\n\n\n\n<p><strong>&nbsp;&nbsp;&nbsp;&nbsp;\u2022&nbsp;&nbsp;&nbsp;&nbsp;dans leur \u00e9tat d\u2019origine<\/strong><\/p>\n\n\n\n<p><strong>&nbsp;&nbsp;&nbsp;&nbsp;\u2022&nbsp;&nbsp;&nbsp;&nbsp;non utilis\u00e9s<\/strong><\/p>\n\n\n\n<p><strong>&nbsp;&nbsp;&nbsp;&nbsp;\u2022&nbsp;&nbsp;&nbsp;&nbsp;dans leur emballage d\u2019origine complet<\/strong><\/p>\n\n\n\n<p><strong>Tout produit endommag\u00e9, incomplet ou utilis\u00e9 ne pourra pas \u00eatre rembours\u00e9.<\/strong><\/p>\n\n\n\n<h3 class=\"wp-block-heading\"><strong>Frais de retour<\/strong><\/h3>\n\n\n\n<p><strong>Les frais de retour sont \u00e0 la charge du client.<\/strong><\/p>\n\n\n\n<h3 class=\"wp-block-heading\"><strong>Demande de remboursement<\/strong><\/h3>\n\n\n\n<p><strong>Toute demande de retour doit \u00eatre effectu\u00e9e par \u00e9crit \u00e0 l\u2019adresse suivante :&nbsp;<\/strong><\/p>\n\n\n\n<p>Bettina.vignaud@gmail.com<\/p>\n\n\n\n<p><strong>Votre demande devra obligatoirement \u00eatre accompagn\u00e9e d\u2019un RIB, afin de permettre le remboursement par virement bancaire.<\/strong><\/p>\n\n\n\n<h3 class=\"wp-block-heading\"><strong>Remboursement<\/strong><\/h3>\n\n\n\n<p><strong>Le remboursement sera effectu\u00e9 par virement bancaire dans un d\u00e9lai de 15 jours apr\u00e8s r\u00e9ception et v\u00e9rification des produits retourn\u00e9s.<\/strong><\/p>\n\n\n\n<p><\/p>\n\n\n\n<p><\/p>\n[\/et_pb_text][\/et_pb_column]\n\t\t\t[\/et_pb_row]\n\t\t[\/et_pb_section]","protected":false},"excerpt":{"rendered":"<p>Conditions de retour et de remboursement Droit de r\u00e9tractation Conform\u00e9ment \u00e0 la l\u00e9gislation en vigueur, vous disposez d\u2019un d\u00e9lai de 14 jours \u00e0 compter de la r\u00e9ception de votre commande pour exercer votre droit de r\u00e9tractation, sans avoir \u00e0 justifier de motif. Modalit\u00e9s de retour Apr\u00e8s avoir effectu\u00e9 votre demande de r\u00e9tractation, vous disposez d\u2019un [&hellip;]<\/p>\n","protected":false},"author":1,"featured_media":0,"parent":0,"menu_order":0,"comment_status":"closed","ping_status":"closed","template":"","meta":{"_et_pb_use_builder":"on","_et_pb_old_content":"<!-- wp:heading -->\n<h2 class=\"wp-block-heading\"><strong>Conditions de retour et de remboursement<\/strong><\/h2>\n<!-- \/wp:heading -->\n\n<!-- wp:heading {\"level\":3} -->\n<h3 class=\"wp-block-heading\"><strong>Droit de r\u00e9tractation<\/strong><\/h3>\n<!-- \/wp:heading -->\n\n<!-- wp:paragraph -->\n<p><strong>Conform\u00e9ment \u00e0 la l\u00e9gislation en vigueur, vous disposez d\u2019un d\u00e9lai de 14 jours \u00e0 compter de la r\u00e9ception de votre commande pour exercer votre droit de r\u00e9tractation, sans avoir \u00e0 justifier de motif.<\/strong><\/p>\n<!-- \/wp:paragraph -->\n\n<!-- wp:heading {\"level\":3} -->\n<h3 class=\"wp-block-heading\"><strong>Modalit\u00e9s de retour<\/strong><\/h3>\n<!-- \/wp:heading -->\n\n<!-- wp:paragraph -->\n<p><strong>Apr\u00e8s avoir effectu\u00e9 votre demande de r\u00e9tractation, vous disposez d\u2019un d\u00e9lai de 14 jours pour retourner les produits.<\/strong><\/p>\n<!-- \/wp:paragraph -->\n\n<!-- wp:paragraph -->\n<p><strong>Les articles doivent \u00eatre retourn\u00e9s :<\/strong><\/p>\n<!-- \/wp:paragraph -->\n\n<!-- wp:paragraph -->\n<p><strong>&nbsp;&nbsp;&nbsp;&nbsp;\u2022&nbsp;&nbsp;&nbsp;&nbsp;dans leur \u00e9tat d\u2019origine<\/strong><\/p>\n<!-- \/wp:paragraph -->\n\n<!-- wp:paragraph -->\n<p><strong>&nbsp;&nbsp;&nbsp;&nbsp;\u2022&nbsp;&nbsp;&nbsp;&nbsp;non utilis\u00e9s<\/strong><\/p>\n<!-- \/wp:paragraph -->\n\n<!-- wp:paragraph -->\n<p><strong>&nbsp;&nbsp;&nbsp;&nbsp;\u2022&nbsp;&nbsp;&nbsp;&nbsp;dans leur emballage d\u2019origine complet<\/strong><\/p>\n<!-- \/wp:paragraph -->\n\n<!-- wp:paragraph -->\n<p><strong>Tout produit endommag\u00e9, incomplet ou utilis\u00e9 ne pourra pas \u00eatre rembours\u00e9.<\/strong><\/p>\n<!-- \/wp:paragraph -->\n\n<!-- wp:heading {\"level\":3} -->\n<h3 class=\"wp-block-heading\"><strong>Frais de retour<\/strong><\/h3>\n<!-- \/wp:heading -->\n\n<!-- wp:paragraph -->\n<p><strong>Les frais de retour sont \u00e0 la charge du client.<\/strong><\/p>\n<!-- \/wp:paragraph -->\n\n<!-- wp:heading {\"level\":3} -->\n<h3 class=\"wp-block-heading\"><strong>Demande de remboursement<\/strong><\/h3>\n<!-- \/wp:heading -->\n\n<!-- wp:paragraph -->\n<p><strong>Toute demande de retour doit \u00eatre effectu\u00e9e par \u00e9crit \u00e0 l\u2019adresse suivante :&nbsp;<\/strong><\/p>\n<!-- \/wp:paragraph -->\n\n<!-- wp:paragraph -->\n<p>Bettina.vignaud@gmail.com<\/p>\n<!-- \/wp:paragraph -->\n\n<!-- wp:paragraph -->\n<p><strong>Votre demande devra obligatoirement \u00eatre accompagn\u00e9e d\u2019un RIB, afin de permettre le remboursement par virement bancaire.<\/strong><\/p>\n<!-- \/wp:paragraph -->\n\n<!-- wp:heading {\"level\":3} -->\n<h3 class=\"wp-block-heading\"><strong>Remboursement<\/strong><\/h3>\n<!-- \/wp:heading -->\n\n<!-- wp:paragraph -->\n<p><strong>Le remboursement sera effectu\u00e9 par virement bancaire dans un d\u00e9lai de 15 jours apr\u00e8s r\u00e9ception et v\u00e9rification des produits retourn\u00e9s.<\/strong><\/p>\n<!-- \/wp:paragraph -->\n\n<!-- wp:paragraph -->\n<p><\/p>\n<!-- \/wp:paragraph -->\n\n<!-- wp:paragraph -->\n<p><\/p>\n<!-- \/wp:paragraph -->","_et_gb_content_width":"","footnotes":""},"class_list":["post-270","page","type-page","status-publish","hentry"],"_links":{"self":[{"href":"https:\/\/www.bettinacoiffure.fr\/index.php\/wp-json\/wp\/v2\/pages\/270","targetHints":{"allow":["GET"]}}],"collection":[{"href":"https:\/\/www.bettinacoiffure.fr\/index.php\/wp-json\/wp\/v2\/pages"}],"about":[{"href":"https:\/\/www.bettinacoiffure.fr\/index.php\/wp-json\/wp\/v2\/types\/page"}],"author":[{"embeddable":true,"href":"https:\/\/www.bettinacoiffure.fr\/index.php\/wp-json\/wp\/v2\/users\/1"}],"replies":[{"embeddable":true,"href":"https:\/\/www.bettinacoiffure.fr\/index.php\/wp-json\/wp\/v2\/comments?post=270"}],"version-history":[{"count":2,"href":"https:\/\/www.bettinacoiffure.fr\/index.php\/wp-json\/wp\/v2\/pages\/270\/revisions"}],"predecessor-version":[{"id":443,"href":"https:\/\/www.bettinacoiffure.fr\/index.php\/wp-json\/wp\/v2\/pages\/270\/revisions\/443"}],"wp:attachment":[{"href":"https:\/\/www.bettinacoiffure.fr\/index.php\/wp-json\/wp\/v2\/media?parent=270"}],"curies":[{"name":"wp","href":"https:\/\/api.w.org\/{rel}","templated":true}]}}